{"id":4523,"date":"2022-07-27T08:51:01","date_gmt":"2022-07-27T08:51:01","guid":{"rendered":"https:\/\/elearning.fmid.eu\/modules\/"},"modified":"2023-06-07T11:42:08","modified_gmt":"2023-06-07T11:42:08","slug":"modules","status":"publish","type":"page","link":"https:\/\/www.elearning.fmid.eu\/es\/modules\/","title":{"rendered":"Modules"},"content":{"rendered":"<h1>Bienvenido a la plataforma de aprendizaje electr\u00f3nico de FMID<\/h1>\n<div>\n<p><span>El objetivo de la plataforma es dar a\u00a0 j\u00f3venes y a docentes juveniles la oportunidad de desarrollar sus conocimientos en la realizaci\u00f3n de pel\u00edculas proporcionando un acceso gratuito y f\u00e1cil a todo el conjunto de materiales del proyecto, es decir<\/span><\/p>\n<ol>\n<li><span> Recursos de realizaci\u00f3n de v\u00eddeos para la empleabilidad y el desarrollo de los j\u00f3venes<\/span><\/li>\n<li><span> Manual para educadores juveniles<\/span><\/li>\n<\/ol>\n<\/div>\n<div>\n<\/div>\n<p><!--more--><br \/>\n<!-- {\"type\":\"layout\",\"children\":[{\"type\":\"section\",\"props\":{\"style\":\"default\",\"width\":\"default\",\"vertical_align\":\"middle\",\"title_position\":\"top-left\",\"title_rotation\":\"left\",\"title_breakpoint\":\"xl\",\"image_position\":\"center-center\"},\"children\":[{\"type\":\"row\",\"children\":[{\"type\":\"column\",\"props\":{\"position_sticky_breakpoint\":\"m\",\"image_position\":\"center-center\",\"media_overlay_gradient\":\"\"},\"children\":[{\"type\":\"headline\",\"props\":{\"title_element\":\"h1\",\"content\":\"Bienvenido a la plataforma de aprendizaje electr\\u00f3nico de FMID\",\"title_style\":\"h2\",\"class\":\"co\"}},{\"type\":\"text\",\"props\":{\"margin\":\"default\",\"column_breakpoint\":\"m\",\"content\":\"\n\n<p><span>El objetivo de la plataforma es dar a\\u00a0 j\\u00f3venes y a docentes juveniles la oportunidad de desarrollar sus conocimientos en la realizaci\\u00f3n de pel\\u00edculas proporcionando un acceso gratuito y f\\u00e1cil a todo el conjunto de materiales del proyecto, es decir<\\\/span><\\\/p>\\n\n\n<ol>\\n\n\n<li><span> Recursos de realizaci\\u00f3n de v\\u00eddeos para la empleabilidad y el desarrollo de los j\\u00f3venes<\\\/span><\\\/li>\\n\n\n<li><span> Manual para educadores juveniles<\\\/span><\\\/li>\\n<\\\/ol>\"}},{\"type\":\"grid\",\"props\":{\"show_title\":true,\"show_meta\":true,\"show_content\":true,\"show_image\":true,\"show_link\":true,\"grid_default\":\"1\",\"grid_medium\":\"2\",\"filter_style\":\"tab\",\"filter_all\":true,\"filter_position\":\"top\",\"filter_align\":\"left\",\"filter_grid_width\":\"auto\",\"filter_grid_breakpoint\":\"m\",\"title_hover_style\":\"reset\",\"title_element\":\"h3\",\"title_align\":\"top\",\"title_grid_width\":\"1-2\",\"title_grid_breakpoint\":\"m\",\"meta_style\":\"meta\",\"meta_align\":\"below-title\",\"meta_element\":\"div\",\"content_column_breakpoint\":\"m\",\"icon_width\":80,\"image_align\":\"left\",\"image_grid_width\":\"1-2\",\"image_grid_breakpoint\":\"m\",\"image_svg_color\":\"emphasis\",\"link_text\":\"\",\"link_style\":\"default\",\"margin\":\"default\",\"item_animation\":true,\"class\":\"lessongrid coursegrid\",\"panel_link\":true},\"children\":[{\"type\":\"grid_item\",\"source\":{\"query\":{\"name\":\"sfwdCoursess.customSfwdCoursess\",\"arguments\":{\"terms\":[],\"ld_course_category_operator\":\"IN\",\"ld_course_tag_operator\":\"IN\",\"users\":[],\"users_operator\":\"IN\",\"offset\":0,\"limit\":2,\"order\":\"date\",\"order_direction\":\"ASC\"}},\"props\":{\"title\":{\"filters\":{\"search\":\"\"},\"name\":\"title\"},\"link\":{\"filters\":{\"search\":\"\"},\"name\":\"link\"},\"image\":{\"filters\":{\"search\":\"\"},\"name\":\"featuredImage.url\"}}}}],\"name\":\"lessongrid\"}]}]}]}],\"version\":\"2.7.22\"} --><\/p>\n","protected":false},"excerpt":{"rendered":"<p>Bienvenido a la plataforma de aprendizaje electr\u00f3nico de FMID El objetivo de la plataforma es dar a\u00a0 j\u00f3venes y a docentes juveniles la oportunidad de..<\/p>\n","protected":false},"author":1,"featured_media":0,"parent":0,"menu_order":0,"comment_status":"closed","ping_status":"closed","template":"","meta":{"_acf_changed":false,"inline_featured_image":false,"footnotes":""},"class_list":["post-4523","page","type-page","status-publish","hentry"],"acf":[],"_links":{"self":[{"href":"https:\/\/www.elearning.fmid.eu\/es\/wp-json\/wp\/v2\/pages\/4523","targetHints":{"allow":["GET"]}}],"collection":[{"href":"https:\/\/www.elearning.fmid.eu\/es\/wp-json\/wp\/v2\/pages"}],"about":[{"href":"https:\/\/www.elearning.fmid.eu\/es\/wp-json\/wp\/v2\/types\/page"}],"author":[{"embeddable":true,"href":"https:\/\/www.elearning.fmid.eu\/es\/wp-json\/wp\/v2\/users\/1"}],"replies":[{"embeddable":true,"href":"https:\/\/www.elearning.fmid.eu\/es\/wp-json\/wp\/v2\/comments?post=4523"}],"version-history":[{"count":2,"href":"https:\/\/www.elearning.fmid.eu\/es\/wp-json\/wp\/v2\/pages\/4523\/revisions"}],"predecessor-version":[{"id":4535,"href":"https:\/\/www.elearning.fmid.eu\/es\/wp-json\/wp\/v2\/pages\/4523\/revisions\/4535"}],"wp:attachment":[{"href":"https:\/\/www.elearning.fmid.eu\/es\/wp-json\/wp\/v2\/media?parent=4523"}],"curies":[{"name":"wp","href":"https:\/\/api.w.org\/{rel}","templated":true}]}}